{"id":933,"date":"2020-11-24T11:37:03","date_gmt":"2020-11-24T11:37:03","guid":{"rendered":"https:\/\/www.unsiwines.com\/shop\/?post_type=product&#038;p=933"},"modified":"2023-06-06T08:50:22","modified_gmt":"2023-06-06T08:50:22","slug":"finca-lasierra","status":"publish","type":"product","link":"https:\/\/www.unsiwines.com\/shop\/producto\/finca-lasierra\/","title":{"rendered":"Finca Lasierra"},"content":{"rendered":"<p class=\"p1\">Encontramos este particular vi\u00f1edo de monta\u00f1a en la cumbre del paraje \u201cLasierra\u201d. Situado sobre un suelo dominado por la roca arenisca, azotado por el viento y transitado por corzos y jabal\u00edes.<\/p>\n<p class=\"p1\">D\u00e9jate seducir por un vino de Finca<\/p>\n<ul>\n<li>Garnacha Tinta<\/li>\n<li>Vi\u00f1edos de Monta\u00f1a<\/li>\n<li>Criado durante 12 meses en barricas de roble franc\u00e9s<\/li>\n<li>75 cl<\/li>\n<li>15% vol.<\/li>\n<li>Producci\u00f3n limitada<\/li>\n<\/ul>\n","protected":false},"excerpt":{"rendered":"<p>Encontramos este particular vi\u00f1edo de monta\u00f1a en la cumbre del paraje \u201cLasierra\u201d. Situado sobre un suelo dominado por la roca arenisca, azotado por el viento y transitado por corzos y jabal\u00edes. D\u00e9jate seducir por un vino de Finca Garnacha Tinta Vi\u00f1edos de Monta\u00f1a Criado durante 12 meses en barricas de roble franc\u00e9s 75 cl 15%&hellip;<\/p>\n","protected":false},"featured_media":934,"comment_status":"closed","ping_status":"closed","template":"","meta":{"_acf_changed":false},"product_cat":[23],"product_tag":[],"class_list":{"0":"post-933","1":"product","2":"type-product","3":"status-publish","4":"has-post-thumbnail","6":"product_cat-vino-tinto","8":"first","9":"instock","10":"taxable","11":"shipping-taxable","12":"purchasable","13":"product-type-simple"},"acf":[],"_links":{"self":[{"href":"https:\/\/www.unsiwines.com\/shop\/wp-json\/wp\/v2\/product\/933","targetHints":{"allow":["GET"]}}],"collection":[{"href":"https:\/\/www.unsiwines.com\/shop\/wp-json\/wp\/v2\/product"}],"about":[{"href":"https:\/\/www.unsiwines.com\/shop\/wp-json\/wp\/v2\/types\/product"}],"replies":[{"embeddable":true,"href":"https:\/\/www.unsiwines.com\/shop\/wp-json\/wp\/v2\/comments?post=933"}],"wp:featuredmedia":[{"embeddable":true,"href":"https:\/\/www.unsiwines.com\/shop\/wp-json\/wp\/v2\/media\/934"}],"wp:attachment":[{"href":"https:\/\/www.unsiwines.com\/shop\/wp-json\/wp\/v2\/media?parent=933"}],"wp:term":[{"taxonomy":"product_cat","embeddable":true,"href":"https:\/\/www.unsiwines.com\/shop\/wp-json\/wp\/v2\/product_cat?post=933"},{"taxonomy":"product_tag","embeddable":true,"href":"https:\/\/www.unsiwines.com\/shop\/wp-json\/wp\/v2\/product_tag?post=933"}],"curies":[{"name":"wp","href":"https:\/\/api.w.org\/{rel}","templated":true}]}}